{"id":16,"date":"2026-03-23T11:55:45","date_gmt":"2026-03-23T11:55:45","guid":{"rendered":"https:\/\/bavzeti.space\/?page_id=16"},"modified":"2026-03-23T11:55:48","modified_gmt":"2026-03-23T11:55:48","slug":"metriken-jenseits-der-oberflaeche","status":"publish","type":"page","link":"https:\/\/bavzeti.space\/?page_id=16","title":{"rendered":"Metriken jenseits der Oberfl\u00e4che"},"content":{"rendered":"\n<p>Die meisten Markteinsteiger starren auf Klicks und Impressionen. Bei bavzeti nennen wir das &#8222;Vanity Metrics&#8220;. Carmelo Rogerio Setaro fokussiert sich in seinen Kursen auf die harten Datenstr\u00f6me, die die tats\u00e4chliche Gesundheit eines digitalen \u00d6kosystems widerspiegeln. Wir bewegen uns weg von der Oberfl\u00e4che und tief in die Verhaltensdaten an der Im Eichwald 17.<\/p>\n\n\n\n<figure class=\"wp-block-image size-full\"><img loading=\"lazy\" decoding=\"async\" width=\"728\" height=\"546\" src=\"https:\/\/bavzeti.space\/wp-content\/uploads\/2026\/03\/M0a5AZCXb3mRqtF.jpg\" alt=\"\" class=\"wp-image-17\" srcset=\"https:\/\/bavzeti.space\/wp-content\/uploads\/2026\/03\/M0a5AZCXb3mRqtF.jpg 728w, https:\/\/bavzeti.space\/wp-content\/uploads\/2026\/03\/M0a5AZCXb3mRqtF-300x225.jpg 300w\" sizes=\"auto, (max-width: 728px) 100vw, 728px\" \/><\/figure>\n\n\n\n<p><strong>Die bavzeti-Checkliste f\u00fcr strategische Skalierung:<\/strong><\/p>\n\n\n\n<ul class=\"wp-block-list\">\n<li><strong>CAC (Customer Acquisition Cost) vs. LTV (Lifetime Value):<\/strong> Das Fundament jeder Rentabilit\u00e4t.<\/li>\n\n\n\n<li><strong>Cohort-Analyse:<\/strong> Verstehen, wie sich verschiedene Nutzergruppen \u00fcber Zeitr\u00e4ume hinweg verhalten.<\/li>\n\n\n\n<li><strong>Micro-Conversion-Tracking:<\/strong> Welcher Button-Klick ist der wahre Vorbote eines Kaufs?<\/li>\n\n\n\n<li><strong>Churn-Pr\u00e4vention:<\/strong> Warum verlassen Kunden das \u00d6kosystem an Punkt X?<\/li>\n\n\n\n<li><strong>Attributions-Modellierung:<\/strong> Welcher Touchpoint hat den Verkauf wirklich verursacht?<\/li>\n<\/ul>\n\n\n\n<p>Marketing ohne Datenanalyse ist wie Autofahren mit geschlossenen Augen. In Heidelberg lernen Sie, wie man Dashboards baut, die nicht nur Zahlen zeigen, sondern Handlungsanweisungen geben. Wir betrachten Daten als das Feedback-System des Marktes auf Ihre Hypothesen. Skalierung ist kein Gl\u00fccksfall, sondern die konsequente Wiederholung dessen, was die Daten als profitabel validiert haben.<\/p>\n","protected":false},"excerpt":{"rendered":"<p>Die meisten Markteinsteiger starren auf Klicks und Impressionen. Bei bavzeti nennen wir das &#8222;Vanity Metrics&#8220;. Carmelo Rogerio Setaro fokussiert sich in seinen Kursen auf die harten Datenstr\u00f6me, die die tats\u00e4chliche Gesundheit eines digitalen \u00d6kosystems widerspiegeln. Wir bewegen uns weg von der Oberfl\u00e4che und tief in die Verhaltensdaten an der Im Eichwald 17. Die bavzeti-Checkliste f\u00fcr [&hellip;]<\/p>\n","protected":false},"author":1,"featured_media":0,"parent":0,"menu_order":3,"comment_status":"closed","ping_status":"closed","template":"","meta":{"footnotes":""},"class_list":["post-16","page","type-page","status-publish","hentry"],"_links":{"self":[{"href":"https:\/\/bavzeti.space\/index.php?rest_route=\/wp\/v2\/pages\/16","targetHints":{"allow":["GET"]}}],"collection":[{"href":"https:\/\/bavzeti.space\/index.php?rest_route=\/wp\/v2\/pages"}],"about":[{"href":"https:\/\/bavzeti.space\/index.php?rest_route=\/wp\/v2\/types\/page"}],"author":[{"embeddable":true,"href":"https:\/\/bavzeti.space\/index.php?rest_route=\/wp\/v2\/users\/1"}],"replies":[{"embeddable":true,"href":"https:\/\/bavzeti.space\/index.php?rest_route=%2Fwp%2Fv2%2Fcomments&post=16"}],"version-history":[{"count":1,"href":"https:\/\/bavzeti.space\/index.php?rest_route=\/wp\/v2\/pages\/16\/revisions"}],"predecessor-version":[{"id":18,"href":"https:\/\/bavzeti.space\/index.php?rest_route=\/wp\/v2\/pages\/16\/revisions\/18"}],"wp:attachment":[{"href":"https:\/\/bavzeti.space\/index.php?rest_route=%2Fwp%2Fv2%2Fmedia&parent=16"}],"curies":[{"name":"wp","href":"https:\/\/api.w.org\/{rel}","templated":true}]}}